{"id":5212,"date":"2021-08-25T07:26:28","date_gmt":"2021-08-25T07:26:28","guid":{"rendered":"http:\/\/dummy.xtemos.com\/woodmart2\/?page_id=5212"},"modified":"2026-03-02T00:46:35","modified_gmt":"2026-03-01T21:46:35","slug":"kontaktai","status":"publish","type":"page","link":"https:\/\/rukliuproduktai.lt\/en\/kontaktai\/","title":{"rendered":"Kontaktai"},"content":{"rendered":"<div class=\"wpb-content-wrapper\"><div data-vc-full-width=\"true\" data-vc-full-width-init=\"false\" class=\"vc_row wpb_row vc_row-fluid vc_custom_1772052802963 vc_row-has-fill wd-rs-699f60f10873f\"><div class=\"wpb_column vc_column_container vc_col-sm-12\"><div class=\"vc_column-inner\"><div class=\"wpb_wrapper\">\n\t\t<div id=\"wd-699f61e88fbc0\" class=\"title-wrapper wd-wpb set-mb-s reset-last-child  wd-rs-699f61e88fbc0 wd-title-color-default wd-title-style-default text-center  wd-width-enabled wd-underline-colored\" style=\"--wd-max-width: 60%;\">\n\t\t\t\n\t\t\t<div class=\"liner-continer\">\n\t\t\t\t<h3 class=\"woodmart-title-container title  wd-font-weight- wd-fontsize-xxxl\" >Kaip mus rasti?<\/h3>\n\t\t\t\t\t\t\t<\/div>\n\t\t\t\n\t\t\t\t\t\t\t<div class=\"title-after_title  set-cont-mb-s reset-last-child  wd-fontsize-s\">Kvie\u010diame paragauti m\u016bs\u0173 produkcijos dviejose skirtingose vietose. U\u017esukite ir atraskite \u0161vie\u017eios \u017euvies bei j\u016br\u0173 g\u0117rybi\u0173 skonius jau \u0161iandien.<\/div>\n\t\t\t\n\t\t\t\n\t\t<\/div>\n\t\t\n\t\t\n\t<div class=\"wpb_raw_code wpb_raw_html wpb_content_element\" >\n\t\t<div class=\"wpb_wrapper\">\n\t\t\t<!-- \u017dUVIES PREKYBOS VIETOS SECTION -->\n<style>\n  .fish-locations {\n    padding: 40px 0;\n    box-sizing: border-box;\n  }\n\n  .fish-locations-grid {\n    display: grid;\n    grid-template-columns: 1fr 1fr;\n    gap: 40px;\n    max-width: 1200px;\n    margin: 0 auto;\n  }\n\n  .fish-location-card {\n    display: flex;\n    flex-direction: column;\n  }\n\n  .fish-location-map {\n    width: 100%;\n    aspect-ratio: 16\/10;\n    overflow: hidden;\n    border-radius: 4px;\n  }\n\n  .fish-location-map iframe {\n    width: 100%;\n    height: 100%;\n    border: 0;\n    display: block;\n  }\n\n  .fish-location-body {\n    padding: 22px 0 0;\n    display: flex;\n    flex-direction: column;\n    flex: 1;\n  }\n\n  .fish-location-name {\n    font-size: 1.35rem;\n    color: white;\n    margin: 0 0 4px;\n    line-height: 1.2;\n  }\n\n  .fish-location-address {\n    font-size: 0.88rem;\n    color: white;\n    margin: 0 0 18px;\n  }\n\n  .fish-location-hours {\n    margin: 0 0 22px;\n    display: flex;\n    flex-direction: column;\n    gap: 8px;\n    border-left: 3px solid #eb2427;\n    padding-left: 14px;\n  }\n\n  .fish-hour-row {\n    display: flex;\n    align-items: center;\n    gap: 10px;\n  }\n\n  .fish-hour-day {\n    font-size: 16px;\n    font-weight: 600;\n    color: white;\n    min-width: 110px;\n  }\n\n  .fish-hour-time {\n    font-size: 0.88rem;\n    color: white;\n  }\n\n  .fish-nav-btn {\n    display: inline-flex;\n    align-items: center;\n    gap: 8px;\n    background: #eb2427;\n    color: #ffffff;\n    border: none;\n    padding: 11px 22px;\n    border-radius: 3px;\n    font-size: 0.88rem;\n    font-weight: 600;\n    text-decoration: none;\n    letter-spacing: 0.03em;\n    transition: opacity 0.2s;\n    align-self: flex-start;\n    margin-top: auto;\n    cursor: pointer;\n  }\n\n  .fish-nav-btn:hover {\n    opacity: 0.85;\n    text-decoration: none;\n    color: #ffffff;\n  }\n\n  @media (max-width: 768px) {\n    .fish-locations-grid {\n      grid-template-columns: 1fr;\n      gap: 36px;\n    }\n    .fish-locations {\n      padding: 30px 0;\n    }\n  }\n<\/style>\n\n<div class=\"fish-locations\">\n  <div class=\"fish-locations-grid\">\n\n    <!-- Location 1: \u017dirm\u016bnai -->\n    <div class=\"fish-location-card\">\n      <div class=\"fish-location-map\">\n        <iframe src=\"https:\/\/www.google.com\/maps\/embed?pb=!1m17!1m12!1m3!1d632.4883738010901!2d25.303096269680765!3d54.71193377303447!2m3!1f0!2f0!3f0!3m2!1i1024!2i768!4f13.1!3m2!1m1!2zNTTCsDQyJzQzLjAiTiAyNcKwMTgnMTMuNSJF!5e1!3m2!1sen!2slt!4v1772401180690!5m2!1sen!2slt\" allowfullscreen=\"\" loading=\"lazy\" referrerpolicy=\"no-referrer-when-downgrade\"><\/iframe>\n      <\/div>\n      \n      <div class=\"fish-location-body\">\n        <h3 class=\"fish-location-name\">\u017dirm\u016bnai<\/h3>\n        <p class=\"fish-location-address\">\u017dirm\u016bn\u0173 g. 64, Vilnius<\/p>\n        <div class=\"fish-location-hours\">\n          <div class=\"fish-hour-row\">\n            <span class=\"fish-hour-day\">Tre\u010diadienis<\/span>\n            <span class=\"fish-hour-time\">8:00 \u2013 16:00<\/span>\n          <\/div>\n          <div class=\"fish-hour-row\">\n            <span class=\"fish-hour-day\">Penktadienis<\/span>\n            <span class=\"fish-hour-time\">8:00 \u2013 18:00<\/span>\n          <\/div>\n        <\/div>\n<a class=\"fish-nav-btn\" href=\"https:\/\/www.google.com\/maps\/dir\/?api=1&destination=54.71194,25.30375\" target=\"_blank\" rel=\"noopener\">\n  <svg width=\"14\" height=\"14\" viewbox=\"0 0 24 24\" fill=\"none\" stroke=\"currentColor\" stroke-width=\"2.2\" stroke-linecap=\"round\" stroke-linejoin=\"round\">\n    <polygon points=\"3 11 22 2 13 21 11 13 3 11\"><\/polygon>\n  <\/svg>\n  Prad\u0117ti navigacij\u0105\n<\/a>\n      <\/div>\n    <\/div>\n\n    <!-- Location 2: Rudamina -->\n    <div class=\"fish-location-card\">\n      <div class=\"fish-location-map\">\n        <iframe src=\"https:\/\/www.google.com\/maps\/embed?pb=!1m18!1m12!1m3!1d2709.051304161453!2d25.34224727719817!3d54.59124107267647!2m3!1f0!2f0!3f0!3m2!1i1024!2i768!4f13.1!3m3!1m2!1s0x46ddc0083e7c219f%3A0xf42f66f61e7da07a!2sRudamina%20Bazaar!5e1!3m2!1sen!2slt!4v1771968116153!5m2!1sen!2slt\" allowfullscreen=\"\" loading=\"lazy\" referrerpolicy=\"no-referrer-when-downgrade\"><\/iframe>\n      <\/div>\n      <div class=\"fish-location-body\">\n        <h3 class=\"fish-location-name\">Rudaminos turgus<\/h3>\n        <p class=\"fish-location-address\">Gamyklos g. 16, Rudamina<\/p>\n        <div class=\"fish-location-hours\">\n          <div class=\"fish-hour-row\">\n            <span class=\"fish-hour-day\">\u0160e\u0161tadienis<\/span>\n            <span class=\"fish-hour-time\">7:30 \u2013 12:00<\/span>\n          <\/div>\n        <\/div>\n        <a class=\"fish-nav-btn\" href=\"https:\/\/maps.app.goo.gl\/hF59NRfjQTcoTKh86\" target=\"_blank\" rel=\"noopener\">\n          <svg width=\"14\" height=\"14\" viewbox=\"0 0 24 24\" fill=\"none\" stroke=\"currentColor\" stroke-width=\"2.2\" stroke-linecap=\"round\" stroke-linejoin=\"round\">\n            <polygon points=\"3 11 22 2 13 21 11 13 3 11\"><\/polygon>\n          <\/svg>\n          Prad\u0117ti navigacij\u0105\n        <\/a>\n      <\/div>\n    <\/div>\n\n  <\/div>\n<\/div>\n<!-- END \u017dUVIES PREKYBOS VIETOS SECTION -->\n\t\t<\/div>\n\t<\/div>\n<\/div><\/div><\/div><\/div><div class=\"vc_row-full-width vc_clearfix\"><\/div><div class=\"vc_row wpb_row vc_row-fluid vc_custom_1772053037313 wd-rs-699f62237048a\"><div class=\"wpb_column vc_column_container vc_col-sm-6 wd-rs-64775e98b1081\"><div class=\"vc_column-inner vc_custom_1685544613700\"><div class=\"wpb_wrapper\">\n\t\t<div id=\"wd-699f5d02c0289\" class=\"title-wrapper wd-wpb set-mb-s reset-last-child  wd-rs-699f5d02c0289 wd-title-color-default wd-title-style-default text-left vc_custom_1772051729554 wd-underline-colored\">\n\t\t\t\n\t\t\t<div class=\"liner-continer\">\n\t\t\t\t<h4 class=\"woodmart-title-container title  wd-font-weight- wd-fontsize-xxl\" >Turite klausim\u0173?<\/h4>\n\t\t\t\t\t\t\t<\/div>\n\t\t\t\n\t\t\t\t\t\t\t<div class=\"title-after_title  set-cont-mb-s reset-last-child  wd-fontsize-s\">Para\u0161ykite mums \u017einut\u0119!<\/div>\n\t\t\t\n\t\t\t\n\t\t<\/div>\n\t\t\n\t\t\n<div class=\"wpcf7 no-js\" id=\"wpcf7-f10711-o1\" lang=\"lt-LT\" dir=\"ltr\" data-wpcf7-id=\"10711\">\n<div class=\"screen-reader-response\"><p role=\"status\" aria-live=\"polite\" aria-atomic=\"true\"><\/p> <ul><\/ul><\/div>\n<form action=\"\/en\/wp-json\/wp\/v2\/pages\/5212#wpcf7-f10711-o1\" method=\"post\" class=\"wpcf7-form init\" aria-label=\"Kontakt\u0173 forma\" novalidate=\"novalidate\" data-status=\"init\" data-trp-original-action=\"\/en\/wp-json\/wp\/v2\/pages\/5212#wpcf7-f10711-o1\">\n<fieldset class=\"hidden-fields-container\"><input type=\"hidden\" name=\"_wpcf7\" value=\"10711\" \/><input type=\"hidden\" name=\"_wpcf7_version\" value=\"6.1.5\" \/><input type=\"hidden\" name=\"_wpcf7_locale\" value=\"lt_LT\" \/><input type=\"hidden\" name=\"_wpcf7_unit_tag\" value=\"wpcf7-f10711-o1\" \/><input type=\"hidden\" name=\"_wpcf7_container_post\" value=\"0\" \/><input type=\"hidden\" name=\"_wpcf7_posted_data_hash\" value=\"\" \/>\n<\/fieldset>\n<div style=\"display: grid; grid-template-columns: 1fr 1fr; gap: 20px;\">\n\t<div>\n\t\t<p><label> J\u016bs\u0173 el. pa\u0161tas<br \/>\n<span class=\"wpcf7-form-control-wrap\" data-name=\"your-email\"><input size=\"40\" maxlength=\"400\" class=\"wpcf7-form-control wpcf7-email wpcf7-validates-as-required wpcf7-text wpcf7-validates-as-email\" autocomplete=\"email\" aria-required=\"true\" aria-invalid=\"false\" value=\"\" type=\"email\" name=\"your-email\" \/><\/span> <\/label>\n\t\t<\/p>\n\t<\/div>\n\t<div>\n\t\t<p><label> J\u016bs\u0173 vardas<br \/>\n<span class=\"wpcf7-form-control-wrap\" data-name=\"your-name\"><input size=\"40\" maxlength=\"400\" class=\"wpcf7-form-control wpcf7-text wpcf7-validates-as-required\" autocomplete=\"name\" aria-required=\"true\" aria-invalid=\"false\" value=\"\" type=\"text\" name=\"your-name\" \/><\/span> <\/label>\n\t\t<\/p>\n\t<\/div>\n<\/div>\n<p><label> J\u016bs\u0173 prane\u0161imas (neprivaloma)<br \/>\n<span class=\"wpcf7-form-control-wrap\" data-name=\"your-message\"><textarea cols=\"40\" rows=\"10\" maxlength=\"2000\" class=\"wpcf7-form-control wpcf7-textarea\" aria-invalid=\"false\" name=\"your-message\"><\/textarea><\/span> <\/label><br \/>\n<input class=\"wpcf7-form-control wpcf7-submit has-spinner\" type=\"submit\" value=\"Pateikti\" \/>\n<\/p><div class=\"wpcf7-response-output\" aria-hidden=\"true\"><\/div>\n<input type=\"hidden\" name=\"trp-form-language\" value=\"en\"\/><\/form>\n<\/div>\n<\/div><\/div><\/div><div class=\"wpb_column vc_column_container vc_col-sm-6 wd-rs-6436bc5f5cb96\"><div class=\"vc_column-inner vc_custom_1681308779066\"><div class=\"wpb_wrapper\">\n\t\t<div id=\"wd-699f5d148c83d\" class=\"title-wrapper wd-wpb set-mb-s reset-last-child  wd-rs-699f5d148c83d wd-title-color-default wd-title-style-default text-left vc_custom_1772051758014 wd-underline-colored\">\n\t\t\t\n\t\t\t<div class=\"liner-continer\">\n\t\t\t\t<h4 class=\"woodmart-title-container title  wd-font-weight- wd-fontsize-xxl\" >Da\u017eniausiai u\u017eduodami klausimai<\/h4>\n\t\t\t\t\t\t\t<\/div>\n\t\t\t\n\t\t\t\n\t\t\t\n\t\t<\/div>\n\t\t\n\t\t\n\t\t<div id=\"wd-699f6256143ef\" class=\"wd-accordion wd-wpb wd-rs-699f6256143ef vc_custom_1772053085199 wd-style-default wd-border-off\" data-state=\"all_closed\">\n\t\t\t\t\t\t\t\n\t\t\t\t\n\t\t\t\t<div class=\"wd-accordion-item\">\n\t\t\t\t\t<div class=\"wd-accordion-title font-text wd-fontsize-custom text-left wd-opener-pos-right wd-font-weight-700\" data-accordion-index=\"0\">\n\t\t\t\t\t\t<div class=\"wd-accordion-title-text\">\n\t\t\t\t\t\t\t\t\t\t\t\t\t\t<span>\n\t\t\t\t\t\t\t\tAr galima u\u017esisakyti \u017euv\u012f \u012f namus?\t\t\t\t\t\t\t<\/span>\n\t\t\t\t\t\t<\/div>\n\t\t\t\t\t\t<span class=\"wd-accordion-opener wd-opener-style-arrow\"><\/span>\n\t\t\t\t\t<\/div>\n\n\t\t\t\t\t<div class=\"wd-accordion-content reset-last-child\" data-accordion-index=\"0\">\n\t\t\t\t\t\t\t\t\t\t\t\t\t<p>Taip! U\u017esakymus pristatome per Wolt, DPD kurjerius arba autobus\u0173 siuntas. Galite pasirinkti jums patogiausi\u0105 pristatymo b\u016bd\u0105.<\/p>\n\t\t\t\t\t\t\t\t\t\t\t<\/div>\n\t\t\t\t<\/div>\n\t\t\t\t\t\t\t\n\t\t\t\t\n\t\t\t\t<div class=\"wd-accordion-item\">\n\t\t\t\t\t<div class=\"wd-accordion-title font-text wd-fontsize-custom text-left wd-opener-pos-right wd-font-weight-700\" data-accordion-index=\"1\">\n\t\t\t\t\t\t<div class=\"wd-accordion-title-text\">\n\t\t\t\t\t\t\t\t\t\t\t\t\t\t<span>\n\t\t\t\t\t\t\t\tKoki\u0105 \u017euv\u012f si\u016blote?\t\t\t\t\t\t\t<\/span>\n\t\t\t\t\t\t<\/div>\n\t\t\t\t\t\t<span class=\"wd-accordion-opener wd-opener-style-arrow\"><\/span>\n\t\t\t\t\t<\/div>\n\n\t\t\t\t\t<div class=\"wd-accordion-content reset-last-child\" data-accordion-index=\"1\">\n\t\t\t\t\t\t\t\t\t\t\t\t\t<p>Si\u016blome plat\u0173 asortiment\u0105: r\u016bkyt\u0105, s\u016bdyt\u0105, vytint\u0105 ir \u0161aldyt\u0105 \u017euv\u012f. Turime tiek tradicini\u0173, tiek i\u0161skirtini\u0173 gamini\u0173, kad kiekvienas rast\u0173 sau tinkam\u0105 skon\u012f.<\/p>\n\t\t\t\t\t\t\t\t\t\t\t<\/div>\n\t\t\t\t<\/div>\n\t\t\t\t\t\t\t\n\t\t\t\t\n\t\t\t\t<div class=\"wd-accordion-item\">\n\t\t\t\t\t<div class=\"wd-accordion-title font-text wd-fontsize-custom text-left wd-opener-pos-right wd-font-weight-700\" data-accordion-index=\"2\">\n\t\t\t\t\t\t<div class=\"wd-accordion-title-text\">\n\t\t\t\t\t\t\t\t\t\t\t\t\t\t<span>\n\t\t\t\t\t\t\t\tAr \u017euvis visada \u0161vie\u017eia?\t\t\t\t\t\t\t<\/span>\n\t\t\t\t\t\t<\/div>\n\t\t\t\t\t\t<span class=\"wd-accordion-opener wd-opener-style-arrow\"><\/span>\n\t\t\t\t\t<\/div>\n\n\t\t\t\t\t<div class=\"wd-accordion-content reset-last-child\" data-accordion-index=\"2\">\n\t\t\t\t\t\t\t\t\t\t\t\t\t<p>Taip, m\u016bs\u0173 prioritetas \u2013 kokyb\u0117 ir \u0161vie\u017eumas. Dirbame tik su patikimais tiek\u0117jais ir u\u017etikriname tinkamas laikymo s\u0105lygas.<\/p>\n\t\t\t\t\t\t\t\t\t\t\t<\/div>\n\t\t\t\t<\/div>\n\t\t\t\t\t\t\t\n\t\t\t\t\n\t\t\t\t<div class=\"wd-accordion-item\">\n\t\t\t\t\t<div class=\"wd-accordion-title font-text wd-fontsize-custom text-left wd-opener-pos-right wd-font-weight-700\" data-accordion-index=\"3\">\n\t\t\t\t\t\t<div class=\"wd-accordion-title-text\">\n\t\t\t\t\t\t\t\t\t\t\t\t\t\t<span>\n\t\t\t\t\t\t\t\tAr priimate i\u0161ankstinius u\u017esakymus?\t\t\t\t\t\t\t<\/span>\n\t\t\t\t\t\t<\/div>\n\t\t\t\t\t\t<span class=\"wd-accordion-opener wd-opener-style-arrow\"><\/span>\n\t\t\t\t\t<\/div>\n\n\t\t\t\t\t<div class=\"wd-accordion-content reset-last-child\" data-accordion-index=\"3\">\n\t\t\t\t\t\t\t\t\t\t\t\t\t<p>Taip, priimame i\u0161ankstinius u\u017esakymus tiek didesniems kiekiams, tiek \u0161vent\u0117ms ar progoms. Para\u0161ykite mums asmenin\u0119 \u017einut\u0119 ir suderinsime visas detales.<\/p>\n\t\t\t\t\t\t\t\t\t\t\t<\/div>\n\t\t\t\t<\/div>\n\t\t\t\t\t\t\t\n\t\t\t\t\n\t\t\t\t<div class=\"wd-accordion-item\">\n\t\t\t\t\t<div class=\"wd-accordion-title font-text wd-fontsize-custom text-left wd-opener-pos-right wd-font-weight-700\" data-accordion-index=\"4\">\n\t\t\t\t\t\t<div class=\"wd-accordion-title-text\">\n\t\t\t\t\t\t\t\t\t\t\t\t\t\t<span>\n\t\t\t\t\t\t\t\tAr \u017euv\u012f gaunate tiesiai i\u0161 tiek\u0117j\u0173?\t\t\t\t\t\t\t<\/span>\n\t\t\t\t\t\t<\/div>\n\t\t\t\t\t\t<span class=\"wd-accordion-opener wd-opener-style-arrow\"><\/span>\n\t\t\t\t\t<\/div>\n\n\t\t\t\t\t<div class=\"wd-accordion-content reset-last-child\" data-accordion-index=\"4\">\n\t\t\t\t\t\t\t\t\t\t\t\t\t<p>Taip, dirbame su patikimais tiek\u0117jais ir r\u016bpinam\u0117s, kad \u017euvis mus pasiekt\u0173 kuo trumpesniu keliu. Tai leid\u017eia u\u017etikrinti auk\u0161t\u0105 kokyb\u0119, \u0161vie\u017eum\u0105 ir puik\u0173 skon\u012f kiekvienam klientui.<\/p>\n\t\t\t\t\t\t\t\t\t\t\t<\/div>\n\t\t\t\t<\/div>\n\t\t\t\t\t\t\t\t\t\t\t\t\t\t<\/div>\n\n\t\t<\/div><\/div><\/div><\/div>\n<\/div>","protected":false},"excerpt":{"rendered":"Kaip mus rasti? Kvie\u010diame paragauti m\u016bs\u0173 produkcijos dviejose skirtingose vietose. U\u017esukite ir atraskite \u0161vie\u017eios \u017euvies bei j\u016br\u0173 g\u0117rybi\u0173 skonius jau","protected":false},"author":1,"featured_media":0,"parent":0,"menu_order":0,"comment_status":"closed","ping_status":"closed","template":"","meta":{"footnotes":""},"class_list":["post-5212","page","type-page","status-publish","hentry"],"_links":{"self":[{"href":"https:\/\/rukliuproduktai.lt\/en\/wp-json\/wp\/v2\/pages\/5212","targetHints":{"allow":["GET"]}}],"collection":[{"href":"https:\/\/rukliuproduktai.lt\/en\/wp-json\/wp\/v2\/pages"}],"about":[{"href":"https:\/\/rukliuproduktai.lt\/en\/wp-json\/wp\/v2\/types\/page"}],"author":[{"embeddable":true,"href":"https:\/\/rukliuproduktai.lt\/en\/wp-json\/wp\/v2\/users\/1"}],"replies":[{"embeddable":true,"href":"https:\/\/rukliuproduktai.lt\/en\/wp-json\/wp\/v2\/comments?post=5212"}],"version-history":[{"count":14,"href":"https:\/\/rukliuproduktai.lt\/en\/wp-json\/wp\/v2\/pages\/5212\/revisions"}],"predecessor-version":[{"id":10782,"href":"https:\/\/rukliuproduktai.lt\/en\/wp-json\/wp\/v2\/pages\/5212\/revisions\/10782"}],"wp:attachment":[{"href":"https:\/\/rukliuproduktai.lt\/en\/wp-json\/wp\/v2\/media?parent=5212"}],"curies":[{"name":"wp","href":"https:\/\/api.w.org\/{rel}","templated":true}]}}