{"id":9961,"date":"2025-05-07T14:30:33","date_gmt":"2025-05-07T14:30:33","guid":{"rendered":"https:\/\/rukliuproduktai.lt\/?page_id=9961"},"modified":"2026-02-26T00:40:29","modified_gmt":"2026-02-25T21:40:29","slug":"taisykles-ir-nuostatos","status":"publish","type":"page","link":"https:\/\/rukliuproduktai.lt\/en\/taisykles-ir-nuostatos\/","title":{"rendered":"Taisykl\u0117s ir nuostatos"},"content":{"rendered":"<div class=\"wpb-content-wrapper\"><div class=\"vc_row wpb_row vc_row-fluid vc_custom_1746634126471 wd-rs-681b858b2cf9e\"><div class=\"wpb_column vc_column_container vc_col-sm-12\"><div class=\"vc_column-inner\"><div class=\"wpb_wrapper\">\n\t<div class=\"wpb_text_column wpb_content_element\" >\n\t\t<div class=\"wpb_wrapper\">\n\t\t\t<p>1. Bendrosios nuostatos<br \/>\n1.1. \u0160ios preki\u0173 pirkimo \u2013 pardavimo taisykl\u0117s (toliau \u2013 Taisykl\u0117s) yra \u0160alims privalomas teisinis dokumentas, kuris nustato Pirk\u0117jo ir Pardav\u0117jo teises, pareigas ir atsakomyb\u0119 Pirk\u0117jui \u012fsigyjant prekes el. parduotuv\u0117je www.rukliuproduktai.lt.<br \/>\n1.2. Pardav\u0117jas pasilieka teis\u0119 bet kuriuo metu pakeisti, taisyti ar papildyti taisykles, atsi\u017evelgdamas \u012f teis\u0117s akt\u0173 nustatytus reikalavimus. Pirk\u0117jas informuojamas el. parduotuv\u0117s tinklalapyje. Pirk\u0117jui apsiperkant el. parduotuv\u0117je taikomos Taisykl\u0117s, galiojan\u010dios u\u017esakymo pateikimo metu.<br \/>\n1.3. Pirkti el. parduotuv\u0117je turi teis\u0119:<br \/>\n1.3.1. veiksn\u016bs fiziniai asmenys, t.y., asmenys sulauk\u0119 pilnametyst\u0117s, kuri\u0173 veiksnumas n\u0117ra apribotas teismo tvarka;<br \/>\n1.3.2. nepilname\u010diai nuo 14 iki 18 met\u0173 am\u017eiaus, tik tur\u0117dami t\u0117v\u0173 arba r\u016bpintoj\u0173 sutikim\u0105, i\u0161skyrus tuos atvejus, kai jie savaranki\u0161kai disponuoja savo pajamomis;<br \/>\n1.3.3. juridiniai asmenys;<br \/>\n1.3.4. vis\u0173 auk\u0161\u010diau nurodyt\u0173 asmen\u0173 \u012fgaliotieji atstovai.<br \/>\n1.4. Pardav\u0117jas, patvirtindamas taisykles, taip pat garantuoja, kad, remiantis taisykli\u0173 1.3. punktu, Pirk\u0117jas turi teis\u0119 pirkti prekes el. parduotuv\u0117je.<br \/>\n1.5 El.parduotuv\u0117s sutartis laikoma sudaryta, kai Pirk\u0117jas suformuoja ir pateikia el. parduotuv\u0117je preki\u0173 u\u017esakym\u0105, Pirk\u0117jo nurodytu elektroniniu pa\u0161tu Pardav\u0117jas i\u0161siun\u010dia patvirtinim\u0105, kad Pirk\u0117jo u\u017esakymas yra vykdomas.<\/p>\n<p>2. Asmens duomen\u0173 apsauga<br \/>\n2.1. U\u017esisakyti prekes el. parduotuv\u0117je Pirk\u0117jas gali:<br \/>\n2.1.1. u\u017esiregistruodamas \u0161ioje el. parduotuv\u0117je \u2013 \u012fvesdamas registracijoje pra\u0161omus duomenis;<br \/>\n2.1.2. nesiregistruodamas \u0161ioje el. parduotuv\u0117je.<br \/>\n2.2. Pirk\u0117jas, u\u017esakydamas prekes 2.1. taisykli\u0173 punkte numatytais b\u016bdais, atitinkamuose Pardav\u0117jo pateikiamuose informacijos laukuose turi nurodyti preki\u0173 u\u017esakymo tinkamam \u012fvykdymui b\u016btinus Pirk\u0117jo asmens duomenis: vard\u0105, pavard\u0119, preki\u0173 pristatymo adres\u0105, pa\u0161to kod\u0105, telefono numer\u012f ir el. pa\u0161to adres\u0105.<br \/>\n2.3. Patvirtindamas \u0161ias taisykles Pirk\u0117jas sutinka, jog 2.2. punkte pateikti Pirk\u0117jo asmens duomenys b\u016bt\u0173 tvarkomi preki\u0173 ir paslaug\u0173 pardavimo el. Parduotuv\u0117je www.rukliuproduktai.lt, Pardav\u0117jo veiklos analiz\u0117s tikslais.<br \/>\n2.4. Sutikdamas, kad Pirk\u0117jo asmens duomenys b\u016bt\u0173 tvarkomi preki\u0173 ir paslaug\u0173 pardavimo Pardav\u0117jo el. parduotuv\u0117je www.rukliuproduktai.lt tikslu, Pirk\u0117jas taip pat sutinka, kad Pirk\u0117jo nurodytu el. pa\u0161to adresu ir telefono numeriu b\u016bt\u0173 siun\u010diami informaciniai prane\u0161imai, b\u016btini preki\u0173 u\u017esakymui \u012fvykdyti.<br \/>\n2.5. Pirk\u0117jas, u\u017esiregistruodamas el. parduotuv\u0117je bei u\u017esakydamas prekes, \u012fsipareigoja saugoti ir niekam neatskleisti prisijungimo duomen\u0173.<br \/>\n2.6. Pirk\u0117jo pateikti asmens duomenys bus tvarkomi vadovaujantis Lietuvos Respublikos asmens duomen\u0173 teisin\u0117s apsaugos \u012fstatymu ir kitais asmens duomen\u0173 tvarkym\u0105 reglamentuojan\u010diais teis\u0117s aktais. Pirk\u0117jo asmens duomenys bus tvarkomi tiesiogin\u0117s rinkodaros tikslais tik gavus Pirk\u0117jo sutikim\u0105. Pirk\u0117jo sutikimas i\u0161rei\u0161kiamas u\u017esiregistravus \u0161ioje el. parduotuv\u0117je bei pa\u017eymint atitinkamus laukus.<br \/>\n2.7.\u00a0 Pirk\u0117jas turi teis\u0119 bet kada, pateik\u0119s pra\u0161ym\u0105 Pardav\u0117jui bei patvirtin\u0119s savo asmens tapatyb\u0119, susipa\u017einti su savo asmens duomenimis ir kaip jie yra tvarkomi, reikalauti i\u0161taisyti, sunaikinti savo asmens duomenis arba sustabdyti, i\u0161skyrus saugojim\u0105, savo asmens duomen\u0173 tvarkymo veiksmus, kai duomenys tvarkomi nesilaikant Lietuvos Respublikos asmens duomen\u0173 teisin\u0117s apsaugos \u012fstatymo ar kit\u0173 \u012fstatym\u0173 nuostat\u0173, nesutikti, kad jo asmens duomenys b\u016bt\u0173 tvarkomi.<br \/>\n2.8. Pardav\u0117jas \u012fsipareigoja u\u017etikrinti Duomen\u0173 subjekto asmens duomen\u0173 saugum\u0105, \u012fgyvendinti tinkamas technines ir organizacines priemones asmens duomenims apsaugoti nuo neteis\u0117to sunaikinimo ar\/ir atsitiktinio pakeitimo, atskleidimo ir nuo bet kokio kito neteis\u0117to tvarkymo.<br \/>\n2.9. Asmens duomenys bus saugomi ne ilgiau, nei to reikalauja duomen\u0173 tvarkymo tikslai. Duomen\u0173, taip pat Pirk\u0117jo duomen\u0173 tiesiogin\u0117s rinkodaros tikslais, saugojimo terminas 1 metai arba iki tol, kol duomen\u0173 subjektas nepareikalauja sustabdyti savo duomen\u0173 tvarkymo. Su\u0117jus \u0161ioms aplinkyb\u0117ms Pardav\u0117jas asmens duomenis sunaikina.<\/p>\n<p>3. Pirk\u0117jo teis\u0117s ir \u012fsipareigojimai<br \/>\n3.1. Pirk\u0117jas turi teis\u0119 pirkti prekes el. parduotuv\u0117je \u0161i\u0173 Taisykli\u0173 ir kitose \u0161ios el. parduotuv\u0117s informacijos skiltyse nustatyta tvarka.<br \/>\n3.2. Pirk\u0117jas turi teis\u0119 atsisakyti preki\u0173 pirkimo \u2013 pardavimo sutarties su el. parduotuve, prane\u0161damas Pardav\u0117jui apie tai ra\u0161tu (e-mail:uzsakymai@rukliuproduktai.lt, nurodant pageidaujam\u0105 gr\u0105\u017einti prek\u0119 ir jos u\u017esakymo numer\u012f) ne v\u0117liau kaip per 14 (keturiolika) dien\u0173 nuo daikto pristatymo dienos, i\u0161skyrus atvejus, kai sutarties negalima atsisakyti pagal Lietuvos Respublikos teis\u0117s aktus. \u0160ia teise gali pasinaudoti tik Pirk\u0117jas, kuris vadovaujantis LR teis\u0117s aktais pripa\u017eintinas vartotoju, t. y. fizinis asmuo, su savo verslu, prekyba, amatu ar profesija nesusijusiais tikslais (vartojimo tikslais) siekiantis sudaryti ar sudarantis sutartis. Pirk\u0117jas nedelsdamas ir ne v\u0117liau kaip per keturiolika dien\u0173 nuo prane\u0161imo apie sutarties atsisakym\u0105 pateikimo Pardav\u0117jui dienos turi i\u0161si\u0173sti prekes Pardav\u0117jui. Pirk\u0117jui tokiu atveju tenka preki\u0173 gr\u0105\u017einimo i\u0161laidos.<br \/>\n3.3. Taisykli\u0173 3.2. punkte numatyta teise Pirk\u0117jas gali pasinaudoti tik tuo atveju, jeigu prek\u0117 nebuvo sugadinta arba i\u0161 esm\u0117s nepasikeit\u0117 jos i\u0161vaizda, taip pat ji nebuvo naudojama.<br \/>\n3.4. Pirk\u0117jas \u012fsipareigoja priimti u\u017esakytas prekes ir u\u017e jas sumok\u0117ti sutart\u0105 kain\u0105.<br \/>\n3.5. Jeigu pasikei\u010dia Pirk\u0117jo registracijos formoje pateikti duomenys, Pirk\u0117jas privalo nedelsdamas informuoti ra\u0161tu pardav\u0117j\u0105.<br \/>\n3.6. Pirk\u0117jas \u012fsipareigoja neperduoti tretiesiems asmenims savo prisijungimo duomen\u0173. Jei Pirk\u0117jas praranda prisijungimo duomenis, jis privalo nedelsiant informuoti apie tai Pardav\u0117j\u0105 ra\u0161tu, skyriuje \u201eKontaktai\u201c nurodytomis susisiekimo priemon\u0117mis.<br \/>\n3.7. Pirk\u0117jas, naudodamasis el. parduotuve www.rukliuproduktai.lt, sutinka su \u0161iomis pirkimo \u2013 pardavimo Taisykl\u0117mis ir \u012fsipareigoja j\u0173 laikytis bei nepa\u017eeisti LR teis\u0117s akt\u0173.<\/p>\n<p>4. Pardav\u0117jo teis\u0117s ir \u012fsipareigojimai.<br \/>\n4.1. Pardav\u0117jas \u012fsipareigoja sudaryti visas s\u0105lygas Pirk\u0117jui tinkamai naudotis el. parduotuv\u0117s teikiamomis paslaugomis.<br \/>\n4.2. Jei Pirk\u0117jas bando pakenkti Pardav\u0117jo el. parduotuv\u0117s darbo stabilumui ir saugumui ar pa\u017eeid\u017eia savo \u012fsipareigojimus, Pardav\u0117jas turi teis\u0119 nedelsiant ir be persp\u0117jimo apriboti ar sustabdyti Pirk\u0117jo galimyb\u0119 naudotis el. parduotuve arba i\u0161skirtiniais atvejais panaikinti Pirk\u0117jo registracij\u0105.<br \/>\n4.3. Pardav\u0117jas \u012fsipareigoja gerbti Pirk\u0117jo privatumo teis\u0119 \u012f Pirk\u0117jo priklausan\u010di\u0105 asmenin\u0119 informacij\u0105, nurodyt\u0105 el. parduotuv\u0117s registracijos formoje.<br \/>\n4.4. Pardav\u0117jas \u012fsipareigoja pristatyti Pirk\u0117jo u\u017esakytas prekes Pirk\u0117jo nurodytu adresu.<\/p>\n<p>5. Preki\u0173 u\u017esakymas, kainos, atsiskaitymo tvarka, terminai<br \/>\n5.1. El. parduotuv\u0117je Pirk\u0117jas gali pirkti vis\u0105 par\u0105, 7 dienas per savait\u0119.<br \/>\n5.2. El.parduotuv\u0117s sutartis pradeda galioti nuo to momento, kai Pirk\u0117jas paspaud\u017eia mygtuk\u0105 \u201eApmok\u0117ti\u201c, o gav\u0119s u\u017esakym\u0105 Pardav\u0117jas j\u012f patvirtina \u2013 atsiun\u010dia patvirtinimo lai\u0161k\u0105 Pirk\u0117jo nurodytu el. pa\u0161tu.<br \/>\n5.3. Preki\u0173 kainos el. parduotuv\u0117je ir suformuotame u\u017esakyme nurodomos eurais, \u012fskaitant PVM.<br \/>\n5.4. Pirk\u0117jas atsiskaito u\u017e prekes vienu i\u0161 \u0161i\u0173 b\u016bd\u0173:<br \/>\n5.4.1. Atsiskaityti galima naudojantis Swedbank, Seb, Luminor, Citadele ir \u0160iauli\u0173 bankas elektronin\u0117s bankininkyst\u0117s paslaugomis. Atsiskaitymai galimi euro valiuta. Mok\u0117jimai apdorojami naudojantis\u00a0<a href=\"http:\/\/makecommerce.lt\/\" target=\"_blank\" rel=\"noopener noreferrer\" data-saferedirecturl=\"https:\/\/www.google.com\/url?q=http:\/\/makecommerce.lt\/&amp;source=gmail&amp;ust=1730624965046000&amp;usg=AOvVaw3uEhHtRUAUA5uokSIRjr1c\">MakeCommerce.lt<\/a>\u00a0mok\u0117jim\u0173 platforma.<\/p>\n<p>6. Preki\u0173 pristatymas<br \/>\n6.1. Pirk\u0117jas, \u012fsipareigoja nurodyti tiksli\u0105 preki\u0173 pristatymo viet\u0105. U\u017e preki\u0173 pristatymo paslaug\u0105 taikomas mokestis, nurodytas el. parduotuv\u0117s puslapyje ir galiojantis preki\u0173 u\u017esakymo pateikimo momentu. Preki\u0173 pristatymo mokestis gali b\u016bti tiek fiksuotas, tiek priklausantis nuo Pirk\u0117jo u\u017esakyt\u0173 preki\u0173 vert\u0117s.<br \/>\n6.2. Pirk\u0117jas \u012fsipareigoja prekes priimti pats. Tuo atveju, jei Pirk\u0117jas preki\u0173 pats priimti negali, o prek\u0117s pristatytos nurodytu adresu, Pirk\u0117jas neturi teis\u0117s reik\u0161ti Pardav\u0117jui pretenzij\u0173 d\u0117l preki\u0173 pristatymo netinkamam subjektui.<br \/>\n6.3. Prekes pristato Pardav\u0117jas arba Pardav\u0117jo \u012fgaliotas atstovas (kurjeris).<br \/>\n6.4. Pardav\u0117jas pristato Pirk\u0117jui prekes vadovaudamasis preki\u0173 apra\u0161ymuose nurodytais terminais. \u0160ie terminai yra preliminar\u016bs, be to, netaikomi tais atvejais, kai Pardav\u0117jo sand\u0117lyje n\u0117ra reikiam\u0173 preki\u0173, o Pirk\u0117jas informuojamas apie u\u017esakyt\u0173 preki\u0173 tr\u016bkum\u0105. Kartu Pirk\u0117jas sutinka, jog i\u0161imtiniais atvejais preki\u0173 pateikimas gali v\u0117luoti d\u0117l nenumatyt\u0173, nuo Pardav\u0117jo nepriklausan\u010di\u0173 aplinkybi\u0173. Tokiu atveju Pardav\u0117jas \u012fsipareigoja nedelsiant susisiekti su Pirk\u0117ju ir suderinti preki\u0173 pateikimo s\u0105lygas.<br \/>\n6.5. Visais atvejais Pardav\u0117jas atleid\u017eiamas nuo atsakomyb\u0117s u\u017e preki\u0173 pateikimo termin\u0173 pa\u017eeidim\u0105, jeigu prek\u0117s Pirk\u0117jui n\u0117ra pateikiamos arba pateikiamos ne laiku d\u0117l Pirk\u0117jo kalt\u0117s arba d\u0117l nuo Pardav\u0117jo nepriklausan\u010di\u0173 aplinkybi\u0173.<br \/>\n6.6. Pirk\u0117jas privalo visais atvejais nedelsiant informuoti Pardav\u0117j\u0105, jeigu siunta pateikiama sulamdytoje arba kitu b\u016bdu pa\u017eeistoje pakuot\u0117je, jeigu siuntoje pateikiamos neu\u017esakytos prek\u0117s arba netinkamas j\u0173 kiekis, nepilna prek\u0117s komplektacija.<br \/>\n6.7. Pirk\u0117jas visais atvejais pristatymo metu pasteb\u0117j\u0119s pakuot\u0117s pa\u017eeidimus, pristatyt\u0173 preki\u0173 komplekti\u0161kumo (asortimento), kiekio neatitikimus, privalo kurjerio pateikiamame siuntos pristatymo dokumente nurodyti pastabas arba sura\u0161yti atskir\u0105 akt\u0105 d\u0117l \u0161i\u0173 pa\u017eeidim\u0173. Tai Pirk\u0117jas privalo padaryti dalyvaujant kurjeriui. Pirk\u0117jui nepatikrinus pakuot\u0117s, pristatyt\u0173 preki\u0173 komplekti\u0161kumo (asortimento), kiekio ir (ar) kurjerio pateikiamame siuntos pristatymo dokumente nenurod\u017eius \u0161i\u0173 tr\u016bkum\u0173, siunta yra laikoma pristatyta tinkama ir nepa\u017eeista<\/p>\n<p>7. Preki\u0173 kokyb\u0117<br \/>\n7.1. Kiekvienos el. parduotuv\u0117je www.rukliuproduktai.lt parduodamos prek\u0117s duomenys bendrai nurodomi prie kiekvienos prek\u0117s esan\u010diame prek\u0117s apra\u0161yme.<br \/>\n7.2. Pardav\u0117jas neatsako u\u017e tai, kad el. parduotuv\u0117je esan\u010dios prek\u0117s savo spalva, forma ar kitais parametrais gali neatitikti realaus preki\u0173 dyd\u017eio, form\u0173 ir spalvos d\u0117l Pirk\u0117jo naudojamo vaizduoklio ypatybi\u0173.<br \/>\n7.3. Tam tikroms prek\u0117ms suteikiamas tam tikras prek\u0117s galiojimo terminas, kuris nurodomas ant produkto pakuot\u0117s (butelio).<br \/>\n7.4. Tais atvejais, kai remiantis teis\u0117s aktais konkre\u010di\u0173 preki\u0173 at\u017evilgiu nustatomas tam tikras tinkamumo naudoti terminas, Pardav\u0117jas \u012fsipareigoja tokias prekes parduoti Pirk\u0117jui taip, kad jam b\u016bt\u0173 suteikta reali galimyb\u0117 tokiomis prek\u0117mis pasinaudoti iki tinkamumo naudoti termino pabaigos.<\/p>\n<p>8. Preki\u0173 gr\u0105\u017einimas ir keitimas<br \/>\n8.1. Parduot\u0173 preki\u0173 tr\u016bkumai \u0161alinami, kokybi\u0161kos prek\u0117s kei\u010diamos\/gr\u0105\u017einamos, nekokybi\u0161kos prek\u0117s kei\u010diamos, gr\u0105\u017einamos vadovaujantis 2001 m. bir\u017eelio 11 d. Lietuvos Respublikos Vyriausyb\u0117s nutarimu Nr. 697 patvirtintomis Ma\u017emenin\u0117s prekybos taisykl\u0117mis, Lietuvos Respublikos Civiliniu kodeksu ir kitais galiojan\u010diais Lietuvos Respublikos teis\u0117s aktais. Pinigai u\u017e gr\u0105\u017eintas prekes visais atvejais pervedami tik \u012f mok\u0117tojo banko s\u0105skait\u0105.<br \/>\n8.2. Nor\u0117damas gr\u0105\u017einti kokybi\u0161k\u0105 prek\u0119(-es) remiantis Taisykli\u0173 8.1. punktu, Pirk\u0117jas gali tai padaryti per 14 (keturiolika) dien\u0173 nuo preki\u0173 pristatymo Pirk\u0117jui dienos, informuodamas Pardav\u0117j\u0105 kontakt\u0173 skyriuje nurodytomis susisiekimo priemon\u0117mis, nurodant gr\u0105\u017einamos prek\u0117s pavadinim\u0105, u\u017esakymo numer\u012f ir gr\u0105\u017einimo prie\u017eastis. Nekokybi\u0161kas prekes galima gr\u0105\u017einti jei tr\u016bkumai nustatyti per produkto tinkamumo vartoti termin\u0105<br \/>\n8.3. Pirk\u0117jui gr\u0105\u017einant\/kei\u010diant prekes, b\u016btina laikytis \u0161i\u0173 s\u0105lyg\u0173:<br \/>\n8.3.1. gr\u0105\u017einama prek\u0117 turi b\u016bti originalioje tvarkingoje pakuot\u0117je;<br \/>\n8.3.2. prek\u0117 turi b\u016bti Pirk\u0117jo nesugadinta;<br \/>\n8.3.3. prek\u0117 turi b\u016bti nenaudota, nepraradusi prekin\u0117s i\u0161vaizdos (nepa\u017eeistos etiket\u0117s, nenupl\u0117\u0161tos psaugin\u0117s pl\u0117vel\u0117s ir kt.) (\u0161is punktas netaikomas tuo atveju, kai gr\u0105\u017einama nekokybi\u0161ka prek\u0117);<br \/>\n8.3.4. gr\u0105\u017einama prek\u0117 turi b\u016bti tos pa\u010dios komplektacijos, kokios Pirk\u0117jas j\u0105 gavo;<br \/>\n8.3.5. gr\u0105\u017einant prek\u0119 b\u016btina pateikti jos \u012fsigijimo dokument\u0105.<br \/>\n8.4. Pardav\u0117jas turi teis\u0119 nepriimti Pirk\u0117jo gr\u0105\u017einam\u0173 preki\u0173, jei Pirk\u0117jas nesilaiko 8.3. straipsnyje nustatytos preki\u0173 gr\u0105\u017einimo tvarkos.<br \/>\n8.5. Gr\u0105\u017einant gaut\u0105 ne t\u0105 prek\u0119 ir\/ar nekokybi\u0161k\u0105 prek\u0117, Pardav\u0117jas \u012fsipareigoja atsiimti tokias prekes ir jas pakeisti analogi\u0161komis tinkamomis prek\u0117mis.<br \/>\n8.7. Pardav\u0117jas ne v\u0117liau kaip per keturiolika dien\u0173 nuo tos dienos, kuri\u0105 jis gavo Pirk\u0117jo prane\u0161im\u0105 apie sutarties atsisakym\u0105, turi gr\u0105\u017einti Pirk\u0117jui u\u017e Pirk\u0117jo atsisakytas prekes sumok\u0117tus pinigus \u012f Pirk\u0117jo s\u0105skait\u0105. Pardav\u0117jas gali negr\u0105\u017einti Pirk\u0117jui jo sumok\u0117t\u0173 sum\u0173 tol, kol prek\u0117s negr\u0105\u017eintos Pardav\u0117jui.<br \/>\n8.8. Gr\u0105\u017einant ar kei\u010diant kokybi\u0161kas prekes, Pirk\u0117jui negr\u0105\u017einamos jo sumok\u0117tos Pardav\u0117jui preki\u0173 pristatymo i\u0161laidos.<br \/>\n8.9. Gr\u0105\u017einant ar kei\u010diant prekes, preki\u0173 gr\u0105\u017einimo i\u0161laidos tenka Pirk\u0117jui.<\/p>\n<p>9. Pirk\u0117jo ir pardav\u0117jo atsakomyb\u0117<br \/>\n9.1. Pirk\u0117jas yra visi\u0161kai atsakingas u\u017e Pirk\u0117jo pateikiam\u0173 asmens duomen\u0173 teisingum\u0105. Jei Pirk\u0117jas nepateikia tiksli\u0173 asmens duomen\u0173 registracijos formoje, Pardav\u0117jas neatsako u\u017e d\u0117l to atsiradusius padarinius ir \u012fgyja teis\u0119 reikalauti i\u0161 Pirk\u0117jo patirt\u0173 tiesiogini\u0173 nuostoli\u0173 atlyginimo.<br \/>\n9.2. Pirk\u0117jas atsako u\u017e veiksmus, atliktus naudojantis www.rukliuproduktai.lt el. parduotuve.<br \/>\n9.3. U\u017esiregistrav\u0119s Pirk\u0117jas atsako u\u017e savo prisijungimo duomen\u0173 perdavim\u0105 tretiesiems asmenims. Jei el. parduotuv\u0117s teikiamomis paslaugomis naudojasi tre\u010diasis asmuo, prisijung\u0119s prie el. parduotuv\u0117s naudodamasis Pirk\u0117jo prisijungimo duomenimis, Pardav\u0117jas \u0161\u012f asmen\u012f laiko Pirk\u0117ju.<br \/>\n9.4. Pardav\u0117jas atleid\u017eiamas nuo bet kokios atsakomyb\u0117s tais atvejais, kai nuostoliai kyla d\u0117l to, jog Pirk\u0117jas, neatsi\u017evelgdamas \u012f Pardav\u0117jo rekomendacijas ir Pirk\u0117jo \u012fsipareigojimus, nesusipa\u017eino su \u0161iomis Taisykl\u0117mis, nors tokia galimyb\u0117 jam buvo suteikta.<br \/>\n9.5. Jei Pardav\u0117jo el. parduotuv\u0117je yra nuorodos \u012f kit\u0173 \u012fmoni\u0173, \u012fstaig\u0173, organizacij\u0173 ar asmen\u0173 el. tinklalapius, Pardav\u0117jas n\u0117ra atsakingas u\u017e ten esan\u010di\u0105 informacij\u0105 ar vykdom\u0105 veikl\u0105, t\u0173 tinklapi\u0173 nepri\u017ei\u016bri, nekontroliuoja ir toms \u012fmon\u0117ms bei asmenims neatstovauja.<br \/>\n9.6. Atsiradus \u017ealai, kaltoji \u0160alis atlygina kitai \u0160aliai tiesioginius nuostolius.<\/p>\n<p>10. Rinkodara ir informacija.<br \/>\n10.1. Pardav\u0117jas savo nuo\u017ei\u016bra gali inicijuoti el. parduotuv\u0117je \u012fvairias akcijas.<br \/>\n10.2. Pardav\u0117jas turi teis\u0119 viena\u0161ali\u0161kai, be atskiro \u012fsp\u0117jimo, pakeisti akcij\u0173 s\u0105lygas, taip pat jas panaikinti. Bet koks akcij\u0173 s\u0105lyg\u0173 ir tvarkos pakeitimas ar panaikinimas galioja tik \u012f priek\u012f, t.y. nuo j\u0173 atlikimo momento.<br \/>\n10.3. Pardav\u0117jas visus prane\u0161imus siun\u010dia Pirk\u0117jo registracijos formoje nurodytomis susisiekimo priemon\u0117mis.<br \/>\n10.4. Pirk\u0117jas visus prane\u0161imus ir klausimus siun\u010dia Pardav\u0117jo el. parduotuv\u0117s skyriuje \u201eKontaktai\u201c nurodytais el. pa\u0161to adresais.<br \/>\n10.5. Pardav\u0117jas neatsako jei Pirk\u0117jas negauna siun\u010diam\u0173 informacini\u0173 ar patvirtinan\u010di\u0173 prane\u0161im\u0173 d\u0117l internetinio ry\u0161io, elektroninio pa\u0161to paslaug\u0173 tiek\u0117j\u0173 tinkl\u0173 sutrikim\u0173.<\/p>\n<p>11. Baigiamosios nuostatos.<br \/>\n11.1. \u0160ios preki\u0173 pirkimo \u2013 pardavimo Taisykl\u0117s sudarytos vadovaujantis LR \u012fstatymais ir teis\u0117s aktais.<br \/>\n11.2. Visi nesutarimai, kil\u0119 d\u0117l \u0161i\u0173 Taisykli\u0173 vykdymo, sprend\u017eiami deryb\u0173 b\u016bdu. Nepavykus susitarti, gin\u010dai sprend\u017eiami LR \u012fstatym\u0173 nustatyta tvarka.<\/p>\n\n\t\t<\/div>\n\t<\/div>\n<\/div><\/div><\/div><\/div>\n<\/div>","protected":false},"excerpt":{"rendered":"1. Bendrosios nuostatos 1.1. \u0160ios preki\u0173 pirkimo \u2013 pardavimo taisykl\u0117s (toliau \u2013 Taisykl\u0117s) yra \u0160alims privalomas teisinis dokumentas, kuris nustato","protected":false},"author":1,"featured_media":0,"parent":0,"menu_order":0,"comment_status":"closed","ping_status":"closed","template":"","meta":{"footnotes":""},"class_list":["post-9961","page","type-page","status-publish","hentry"],"_links":{"self":[{"href":"https:\/\/rukliuproduktai.lt\/en\/wp-json\/wp\/v2\/pages\/9961","targetHints":{"allow":["GET"]}}],"collection":[{"href":"https:\/\/rukliuproduktai.lt\/en\/wp-json\/wp\/v2\/pages"}],"about":[{"href":"https:\/\/rukliuproduktai.lt\/en\/wp-json\/wp\/v2\/types\/page"}],"author":[{"embeddable":true,"href":"https:\/\/rukliuproduktai.lt\/en\/wp-json\/wp\/v2\/users\/1"}],"replies":[{"embeddable":true,"href":"https:\/\/rukliuproduktai.lt\/en\/wp-json\/wp\/v2\/comments?post=9961"}],"version-history":[{"count":12,"href":"https:\/\/rukliuproduktai.lt\/en\/wp-json\/wp\/v2\/pages\/9961\/revisions"}],"predecessor-version":[{"id":10730,"href":"https:\/\/rukliuproduktai.lt\/en\/wp-json\/wp\/v2\/pages\/9961\/revisions\/10730"}],"wp:attachment":[{"href":"https:\/\/rukliuproduktai.lt\/en\/wp-json\/wp\/v2\/media?parent=9961"}],"curies":[{"name":"wp","href":"https:\/\/api.w.org\/{rel}","templated":true}]}}