{"id":10359,"date":"2025-11-21T03:07:41","date_gmt":"2025-11-21T00:07:41","guid":{"rendered":"https:\/\/rukliuproduktai.lt\/?post_type=product&#038;p=10359"},"modified":"2025-11-21T13:41:30","modified_gmt":"2025-11-21T10:41:30","slug":"baltakojes-blyskiosios-krevetes-16-20vnt-20-be-galvos-su-kiautu","status":"publish","type":"product","link":"https:\/\/rukliuproduktai.lt\/en\/product\/baltakojes-blyskiosios-krevetes-16-20vnt-20-be-galvos-su-kiautu\/","title":{"rendered":"Frozen whiteleg shrimp, 16\u201320 pcs, 20% (headless, shell-on)"},"content":{"rendered":"","protected":false},"excerpt":{"rendered":"<p>Whiteleg shrimp \u2013 tender, juicy, and easy to prepare. A natural source of protein, rich in vitamins B12, D, and E, and essential minerals such as zinc, iodine, and selenium that support energy, immunity, and skin health.\nHeadless but shell-on, they retain their natural flavour and aroma during cooking.<br \/>\nBe galv\u0173, bet su kiautais \u2013 i\u0161laiko nat\u016bral\u0173 aromat\u0105 ir skon\u012f gaminimo metu.<\/p>\n<p>Perfect for grilling, boiling, stir-frying, or adding to salads and seafood dishes.<\/p>","protected":false},"featured_media":10335,"template":"","meta":[],"product_brand":[],"product_cat":[84,86],"product_tag":[],"class_list":{"0":"post-10359","1":"product","2":"type-product","3":"status-publish","4":"has-post-thumbnail","6":"product_cat-visi-produktai","7":"product_cat-juros-gerybes","9":"first","10":"instock","11":"taxable","12":"shipping-taxable","13":"purchasable","14":"product-type-variable"},"_links":{"self":[{"href":"https:\/\/rukliuproduktai.lt\/en\/wp-json\/wp\/v2\/product\/10359","targetHints":{"allow":["GET"]}}],"collection":[{"href":"https:\/\/rukliuproduktai.lt\/en\/wp-json\/wp\/v2\/product"}],"about":[{"href":"https:\/\/rukliuproduktai.lt\/en\/wp-json\/wp\/v2\/types\/product"}],"wp:featuredmedia":[{"embeddable":true,"href":"https:\/\/rukliuproduktai.lt\/en\/wp-json\/wp\/v2\/media\/10335"}],"wp:attachment":[{"href":"https:\/\/rukliuproduktai.lt\/en\/wp-json\/wp\/v2\/media?parent=10359"}],"wp:term":[{"taxonomy":"product_brand","embeddable":true,"href":"https:\/\/rukliuproduktai.lt\/en\/wp-json\/wp\/v2\/product_brand?post=10359"},{"taxonomy":"product_cat","embeddable":true,"href":"https:\/\/rukliuproduktai.lt\/en\/wp-json\/wp\/v2\/product_cat?post=10359"},{"taxonomy":"product_tag","embeddable":true,"href":"https:\/\/rukliuproduktai.lt\/en\/wp-json\/wp\/v2\/product_tag?post=10359"}],"curies":[{"name":"wp","href":"https:\/\/api.w.org\/{rel}","templated":true}]}}