{"id":10436,"date":"2025-11-21T11:33:33","date_gmt":"2025-11-21T08:33:33","guid":{"rendered":"https:\/\/rukliuproduktai.lt\/?post_type=product&#038;p=10436"},"modified":"2025-11-21T13:41:21","modified_gmt":"2025-11-21T10:41:21","slug":"atlantine-silke-matjes-be-galvos-16kg","status":"publish","type":"product","link":"https:\/\/rukliuproduktai.lt\/en\/product\/atlantine-silke-matjes-be-galvos-16kg\/","title":{"rendered":"Atlantic herring Matjes (headless), 16kg"},"content":{"rendered":"","protected":false},"excerpt":{"rendered":"<p>\u201eMatjes\u201c silk\u0117 tradici\u0161kai rei\u0161kia nesubrendusi\u0105, dar ner\u0161ian\u010di\u0105 silk\u0119 \u2013 d\u0117l to ji pasi\u017eymi \u0161velnesniu skoniu ir mink\u0161tesne tekst\u016bra nei \u012fprasta silk\u0117. Atlanto silk\u0117 \u201eMatjes\u201c vertinama d\u0117l savo \u0161vie\u017eumo, \u0161velnaus s\u016brumo ir universalumo virtuv\u0117je. J\u0105 galima kepti keptuv\u0117je ar orkait\u0117je, tro\u0161kinti su dar\u017eov\u0117mis, marinuoti arba patiekti \u0161altuose u\u017ekand\u017eiuose. Puikiai dera su svog\u016bnais, bulv\u0117mis, grietine ar raugintomis dar\u017eov\u0117mis.<\/p>\n<p>Be to, \u0161i silk\u0117 \u2013 nat\u016bralus baltym\u0173 ir omega-3 riebal\u0173 r\u016bg\u0161\u010di\u0173 \u0161altinis, padedantis palaikyti ger\u0105 savijaut\u0105 bei \u0161irdies veikl\u0105. Ji suteikia patiekalams lengvumo, j\u016bros gaivos ir klasikinio skonio, kuris niekada nepabosta.<\/p>","protected":false},"featured_media":10322,"template":"","meta":[],"product_brand":[],"product_cat":[84,78],"product_tag":[],"class_list":{"0":"post-10436","1":"product","2":"type-product","3":"status-publish","4":"has-post-thumbnail","6":"product_cat-visi-produktai","7":"product_cat-saldyta-zuvis","9":"first","10":"instock","11":"taxable","12":"shipping-taxable","13":"purchasable","14":"product-type-simple"},"_links":{"self":[{"href":"https:\/\/rukliuproduktai.lt\/en\/wp-json\/wp\/v2\/product\/10436","targetHints":{"allow":["GET"]}}],"collection":[{"href":"https:\/\/rukliuproduktai.lt\/en\/wp-json\/wp\/v2\/product"}],"about":[{"href":"https:\/\/rukliuproduktai.lt\/en\/wp-json\/wp\/v2\/types\/product"}],"wp:featuredmedia":[{"embeddable":true,"href":"https:\/\/rukliuproduktai.lt\/en\/wp-json\/wp\/v2\/media\/10322"}],"wp:attachment":[{"href":"https:\/\/rukliuproduktai.lt\/en\/wp-json\/wp\/v2\/media?parent=10436"}],"wp:term":[{"taxonomy":"product_brand","embeddable":true,"href":"https:\/\/rukliuproduktai.lt\/en\/wp-json\/wp\/v2\/product_brand?post=10436"},{"taxonomy":"product_cat","embeddable":true,"href":"https:\/\/rukliuproduktai.lt\/en\/wp-json\/wp\/v2\/product_cat?post=10436"},{"taxonomy":"product_tag","embeddable":true,"href":"https:\/\/rukliuproduktai.lt\/en\/wp-json\/wp\/v2\/product_tag?post=10436"}],"curies":[{"name":"wp","href":"https:\/\/api.w.org\/{rel}","templated":true}]}}