{"id":9879,"date":"2024-06-21T09:29:07","date_gmt":"2024-06-21T09:29:07","guid":{"rendered":"https:\/\/rukliuproduktai.lt\/?post_type=product&#038;p=9879"},"modified":"2025-11-21T13:42:12","modified_gmt":"2025-11-21T10:42:12","slug":"cooked-mussel-meat","status":"publish","type":"product","link":"https:\/\/rukliuproduktai.lt\/en\/product\/cooked-mussel-meat\/","title":{"rendered":"Virt\u0173 midij\u0173 m\u0117sa 10kg"},"content":{"rendered":"","protected":false},"excerpt":{"rendered":"<p>\u010cilini\u0173 midij\u0173 m\u0117sa \u2013 populiarus ir vertinamas pasirinkimas gurmani\u0161k\u0173 patiekal\u0173 ruo\u0161ai. Be geldeli\u0173, kruop\u0161\u010diai atrinkta ir apdorota, tod\u0117l patogi naudoti tiek profesionaliose virtuv\u0117se, tiek namuose. M\u0117sa \u0161velnaus j\u016brinio skonio, sultinga, universali \u2013 idealiai tinka makaronams, rizotui, salotoms, tro\u0161kiniams ar j\u016bros g\u0117rybi\u0173 mi\u0161iniams.<\/p>\n<p>Be to, tai \u2013 nat\u016bralus baltym\u0173 \u0161altinis, turtingas vitaminais B12 ir C, gele\u017eimi, cinku bei omega-3 riebal\u0173 r\u016bg\u0161timis, kurie palaiko imunin\u0119 sistem\u0105, nerv\u0173 veikl\u0105 ir \u0161irdies sveikat\u0105. Auk\u0161tos kokyb\u0117s produktas i\u0161 \u010cil\u0117s \u2013 skonis, kuriuo galite pasitik\u0117ti.<\/p>","protected":false},"featured_media":9873,"template":"","meta":[],"product_brand":[],"product_cat":[84,78],"product_tag":[],"class_list":{"0":"post-9879","1":"product","2":"type-product","3":"status-publish","4":"has-post-thumbnail","6":"product_cat-visi-produktai","7":"product_cat-saldyta-zuvis","9":"first","10":"instock","11":"taxable","12":"shipping-taxable","13":"purchasable","14":"product-type-simple"},"_links":{"self":[{"href":"https:\/\/rukliuproduktai.lt\/en\/wp-json\/wp\/v2\/product\/9879","targetHints":{"allow":["GET"]}}],"collection":[{"href":"https:\/\/rukliuproduktai.lt\/en\/wp-json\/wp\/v2\/product"}],"about":[{"href":"https:\/\/rukliuproduktai.lt\/en\/wp-json\/wp\/v2\/types\/product"}],"wp:featuredmedia":[{"embeddable":true,"href":"https:\/\/rukliuproduktai.lt\/en\/wp-json\/wp\/v2\/media\/9873"}],"wp:attachment":[{"href":"https:\/\/rukliuproduktai.lt\/en\/wp-json\/wp\/v2\/media?parent=9879"}],"wp:term":[{"taxonomy":"product_brand","embeddable":true,"href":"https:\/\/rukliuproduktai.lt\/en\/wp-json\/wp\/v2\/product_brand?post=9879"},{"taxonomy":"product_cat","embeddable":true,"href":"https:\/\/rukliuproduktai.lt\/en\/wp-json\/wp\/v2\/product_cat?post=9879"},{"taxonomy":"product_tag","embeddable":true,"href":"https:\/\/rukliuproduktai.lt\/en\/wp-json\/wp\/v2\/product_tag?post=9879"}],"curies":[{"name":"wp","href":"https:\/\/api.w.org\/{rel}","templated":true}]}}